{"id":184,"date":"2026-03-13T11:04:15","date_gmt":"2026-03-13T10:04:15","guid":{"rendered":"https:\/\/bizikidetu.com\/?page_id=184"},"modified":"2026-03-13T11:04:18","modified_gmt":"2026-03-13T10:04:18","slug":"accesibilidad","status":"publish","type":"page","link":"https:\/\/bizikidetu.com\/eus\/accesibilidad\/","title":{"rendered":"Declaraci\u00f3n de accesibilidad"},"content":{"rendered":"<style>.wp-block-kadence-advancedheading.kt-adv-heading184_39ca29-1d, .wp-block-kadence-advancedheading.kt-adv-heading184_39ca29-1d[data-kb-block=\"kb-adv-heading184_39ca29-1d\"]{margin-top:30px;font-style:normal;}.wp-block-kadence-advancedheading.kt-adv-heading184_39ca29-1d mark.kt-highlight, .wp-block-kadence-advancedheading.kt-adv-heading184_39ca29-1d[data-kb-block=\"kb-adv-heading184_39ca29-1d\"] mark.kt-highlight{font-style:normal;color:#f76a0c;-webkit-box-decoration-break:clone;box-decoration-break:clone;padding-top:0px;padding-right:0px;padding-bottom:0px;padding-left:0px;}.wp-block-kadence-advancedheading.kt-adv-heading184_39ca29-1d img.kb-inline-image, .wp-block-kadence-advancedheading.kt-adv-heading184_39ca29-1d[data-kb-block=\"kb-adv-heading184_39ca29-1d\"] img.kb-inline-image{width:150px;vertical-align:baseline;}<\/style>\n<h1 class=\"kt-adv-heading184_39ca29-1d wp-block-kadence-advancedheading\" data-kb-block=\"kb-adv-heading184_39ca29-1d\">Declaraci\u00f3n de accesibilidad<\/h1>\n\n\n\n<ol class=\"wp-block-list\">\n<li><strong>Accesibilidad<\/strong><br><strong><strong>bizikidetu.com<\/strong><\/strong>&nbsp;se ha comprometido a hacer accesibles sus sitios web de conformidad con el Real Decreto 1112\/2018, de 7 de septiembre, sobre accesibilidad de los sitios web y aplicaciones para dispositivos m\u00f3viles (en adelante, Real Decreto 1112\/2018, de 7 de septiembre).<\/li>\n<\/ol>\n\n\n\n<p>La presente declaraci\u00f3n de accesibilidad se aplica al sitio web&nbsp;<strong>bizikidetu.com<\/strong><\/p>\n\n\n\n<ol start=\"2\" class=\"wp-block-list\">\n<li><strong>Situaci\u00f3n de cumplimiento<\/strong><br>Este sitio web es parcialmente conforme con el RD 1112\/2018 debido a las excepciones y a la falta de conformidad de los aspectos que se indican en el siguiente punto.<\/li>\n\n\n\n<li><strong>Contenido no accesible<\/strong><\/li>\n<\/ol>\n\n\n\n<p><strong>Falta de conformidad con el RD 1112\/2018<\/strong><\/p>\n\n\n\n<ul class=\"wp-block-list\">\n<li>Podr\u00edan existir documentos ofim\u00e1ticos en PDF y otros formatos publicados que no cumplan en su totalidad los requisitos de accesibilidad. Se pueden solicitar los documentos completamente accesibles desde el formulario de contacto para formalizar quejas y consultas.<\/li>\n\n\n\n<li>Podr\u00edan existir errores de c\u00f3digo puntuales de edici\u00f3n en alguna p\u00e1gina web.<\/li>\n<\/ul>\n\n\n\n<p><strong>Carga desproporcionada<\/strong><\/p>\n\n\n\n<ul class=\"wp-block-list\">\n<li>No aplica.<\/li>\n<\/ul>\n\n\n\n<p><strong>El contenido no entra dentro del \u00e1mbito de la legislaci\u00f3n aplicable.<\/strong><\/p>\n\n\n\n<ol start=\"4\" class=\"wp-block-list\">\n<li><strong>Preparaci\u00f3n para la siguiente declaraci\u00f3n de accesibilidad<\/strong><br>La presente declaraci\u00f3n fue preparada el&nbsp;<strong>17 de septiembre de 2025<\/strong>.<\/li>\n<\/ol>\n\n\n\n<p>El m\u00e9todo empleado para preparar la declaraci\u00f3n ha sido una autoevaluaci\u00f3n llevada a cabo por la propia empresa.<\/p>\n\n\n\n<ol start=\"5\" class=\"wp-block-list\">\n<li><strong>Observaciones y datos de contacto<\/strong><br>Puede realizar comunicaciones sobre requisitos de accesibilidad (art\u00edculo 10.2.a del RD 1112\/2018) como, por ejemplo:<\/li>\n<\/ol>\n\n\n\n<ul class=\"wp-block-list\">\n<li>Informar sobre cualquier posible incumplimiento por parte de este sitio web.<\/li>\n\n\n\n<li>Transmitir otras dificultades de acceso al contenido.<\/li>\n\n\n\n<li>Formular cualquier otra consulta o sugerencia de mejora relativa a la accesibilidad del sitio web a trav\u00e9s del email:&nbsp;bizikidetu@gmail.com<\/li>\n<\/ul>\n\n\n\n<p>Puede presentar:<\/p>\n\n\n\n<ul class=\"wp-block-list\">\n<li>Queja relativa al cumplimiento de los requisitos del RD 1112\/2018 o<\/li>\n\n\n\n<li>Solicitud de Informaci\u00f3n accesible relativa a:\n<ul class=\"wp-block-list\">\n<li>Contenidos que est\u00e1n excluidos del \u00e1mbito de aplicaci\u00f3n del RD 1112\/2018 seg\u00fan lo establecido por el art\u00edculo 3, apartado 4.<\/li>\n\n\n\n<li>Contenidos que est\u00e1n exentos del cumplimiento de los requisitos de accesibilidad por imponer una carga desproporcionada.<\/li>\n<\/ul>\n<\/li>\n<\/ul>\n\n\n\n<p>En la Solicitud de informaci\u00f3n accesible, se debe concretar, con toda claridad, los hechos, razones y petici\u00f3n que permitan constatar que se trata de una solicitud razonable y leg\u00edtima.<\/p>\n\n\n\n<p>Las quejas y reclamaciones sobre informaci\u00f3n accesible se realizar\u00e1n a trav\u00e9s de la web y ser\u00e1n recibidas y tratadas por el departamento t\u00e9cnico.<\/p>\n\n\n\n<ol start=\"6\" class=\"wp-block-list\">\n<li><strong>Contenido opcional<\/strong><br>Este portal est\u00e1 dise\u00f1ado para poder cambiar las siguientes caracter\u00edsticas a trav\u00e9s de un bot\u00f3n muy legible situado abajo-derecha de la p\u00e1gina web en todas sus p\u00e1ginas. Con este bot\u00f3n se podr\u00eda hacer cambios en:<\/li>\n<\/ol>\n\n\n\n<ul class=\"wp-block-list\">\n<li>Aumentar texto<\/li>\n\n\n\n<li>Disminuir texto<\/li>\n\n\n\n<li>Escala de grises<\/li>\n\n\n\n<li>Alto contraste<\/li>\n\n\n\n<li>Contraste negativo<\/li>\n\n\n\n<li>Subrayar enlaces<\/li>\n\n\n\n<li>Alinear texto<\/li>\n<\/ul>\n","protected":false},"excerpt":{"rendered":"<p>Declaraci\u00f3n de accesibilidad La presente declaraci\u00f3n de accesibilidad se aplica al sitio web&nbsp;bizikidetu.com Falta de conformidad con el RD 1112\/2018 Carga desproporcionada El contenido no entra dentro del \u00e1mbito de la legislaci\u00f3n aplicable. El m\u00e9todo empleado para preparar la declaraci\u00f3n ha sido una autoevaluaci\u00f3n llevada a cabo por la propia empresa. Puede presentar: En la&#8230;<\/p>\n","protected":false},"author":1,"featured_media":0,"parent":0,"menu_order":0,"comment_status":"closed","ping_status":"closed","template":"","meta":{"_kad_blocks_custom_css":"","_kad_blocks_head_custom_js":"","_kad_blocks_body_custom_js":"","_kad_blocks_footer_custom_js":"","_kad_post_transparent":"","_kad_post_title":"","_kad_post_layout":"","_kad_post_sidebar_id":"","_kad_post_content_style":"","_kad_post_vertical_padding":"","_kad_post_feature":"","_kad_post_feature_position":"","_kad_post_header":false,"_kad_post_footer":false,"_kad_post_classname":"","editor_notices":[],"footnotes":""},"class_list":["post-184","page","type-page","status-publish","hentry"],"taxonomy_info":[],"featured_image_src_large":false,"author_info":{"display_name":"admin","author_link":"https:\/\/bizikidetu.com\/eus\/blog\/author\/admin\/"},"comment_info":0,"_links":{"self":[{"href":"https:\/\/bizikidetu.com\/eus\/wp-json\/wp\/v2\/pages\/184","targetHints":{"allow":["GET"]}}],"collection":[{"href":"https:\/\/bizikidetu.com\/eus\/wp-json\/wp\/v2\/pages"}],"about":[{"href":"https:\/\/bizikidetu.com\/eus\/wp-json\/wp\/v2\/types\/page"}],"author":[{"embeddable":true,"href":"https:\/\/bizikidetu.com\/eus\/wp-json\/wp\/v2\/users\/1"}],"replies":[{"embeddable":true,"href":"https:\/\/bizikidetu.com\/eus\/wp-json\/wp\/v2\/comments?post=184"}],"version-history":[{"count":2,"href":"https:\/\/bizikidetu.com\/eus\/wp-json\/wp\/v2\/pages\/184\/revisions"}],"predecessor-version":[{"id":186,"href":"https:\/\/bizikidetu.com\/eus\/wp-json\/wp\/v2\/pages\/184\/revisions\/186"}],"wp:attachment":[{"href":"https:\/\/bizikidetu.com\/eus\/wp-json\/wp\/v2\/media?parent=184"}],"curies":[{"name":"wp","href":"https:\/\/api.w.org\/{rel}","templated":true}]}}