{"id":181,"date":"2026-03-13T11:03:17","date_gmt":"2026-03-13T10:03:17","guid":{"rendered":"https:\/\/bizikidetu.com\/?page_id=181"},"modified":"2026-03-13T11:03:20","modified_gmt":"2026-03-13T10:03:20","slug":"cookies","status":"publish","type":"page","link":"https:\/\/bizikidetu.com\/eus\/cookies\/","title":{"rendered":"Pol\u00edtica de cookies"},"content":{"rendered":"<style>.wp-block-kadence-advancedheading.kt-adv-heading181_f02728-12, .wp-block-kadence-advancedheading.kt-adv-heading181_f02728-12[data-kb-block=\"kb-adv-heading181_f02728-12\"]{margin-top:30px;font-style:normal;}.wp-block-kadence-advancedheading.kt-adv-heading181_f02728-12 mark.kt-highlight, .wp-block-kadence-advancedheading.kt-adv-heading181_f02728-12[data-kb-block=\"kb-adv-heading181_f02728-12\"] mark.kt-highlight{font-style:normal;color:#f76a0c;-webkit-box-decoration-break:clone;box-decoration-break:clone;padding-top:0px;padding-right:0px;padding-bottom:0px;padding-left:0px;}.wp-block-kadence-advancedheading.kt-adv-heading181_f02728-12 img.kb-inline-image, .wp-block-kadence-advancedheading.kt-adv-heading181_f02728-12[data-kb-block=\"kb-adv-heading181_f02728-12\"] img.kb-inline-image{width:150px;vertical-align:baseline;}<\/style>\n<h1 class=\"kt-adv-heading181_f02728-12 wp-block-kadence-advancedheading\" data-kb-block=\"kb-adv-heading181_f02728-12\">Pol\u00edtica de cookies<\/h1>\n\n\n\n<p>1.- \u00bfQu\u00e9 son las Cookies?<br>Las cookies son peque\u00f1os archivos de texto que se descargan y almacenan en el terminal (ordenador\/smartphone\/tablet) del usuario al acceder a determinadas p\u00e1ginas web y que permiten al Sitio Web recordar preferencias de navegaci\u00f3n y navegar de manera eficiente, haciendo que la interacci\u00f3n entre el usuario y el Sitio Web sea m\u00e1s r\u00e1pida y f\u00e1cil.<\/p>\n\n\n\n<p>La informaci\u00f3n recogida por las cookies es an\u00f3nima y no contiene ninguna informaci\u00f3n sensible (como el nombre, direcci\u00f3n o detalles bancarios) ya que \u00e9stas no recogen datos que puedan identificar personalmente al usuario.<\/p>\n\n\n\n<p>2.- \u00bfPara qu\u00e9 se utilizan las cookies?<br>El Sitio Web utiliza cookies u otros dispositivos de almacenamiento y recuperaci\u00f3n de informaci\u00f3n para realizar un seguimiento de las interacciones de los usuarios con los productos y servicios ofrecidos en el Sitio Web.<\/p>\n\n\n\n<p>Las cookies permiten reconocer el navegador de un usuario, as\u00ed como el tipo de dispositivo desde el que se accede al Sitio Web, y se utilizan para facilitar la pr\u00f3xima visita del usuario y hacer que el Sitio Web o las aplicaciones resulten m\u00e1s \u00fatiles.<\/p>\n\n\n\n<p>3.- \u00bfQu\u00e9 cookies utilizamos en esta p\u00e1gina web?<br>Las cookies que utiliza&nbsp;<strong>bizikidetu.com<\/strong>&nbsp;son las cookies propias y cookies anal\u00edticas de Google Analytics.<\/p>\n\n\n\n<p>4.- \u00bfC\u00f3mo deshabilitar las cookies?<br>Puedes permitir, bloquear o eliminar las cookies instaladas en tu equipo mediante la configuraci\u00f3n de las opciones de tu navegador de Internet. En caso de que no permitas la instalaci\u00f3n de cookies en tu navegador es posible que no puedas acceder a algunos de los servicios y que tu experiencia en nuestra web pueda resultar menos satisfactoria.<\/p>\n\n\n\n<p>En los siguientes enlaces tienes a tu disposici\u00f3n toda la informaci\u00f3n para configurar o deshabilitar tus cookies en cada navegador:<\/p>\n\n\n\n<ul class=\"wp-block-list\">\n<li><a href=\"https:\/\/support.google.com\/chrome\/answer\/95647?hl=es\">Google Chrome<\/a><\/li>\n\n\n\n<li><a href=\"https:\/\/support.mozilla.org\/es\/kb\/habilitar-y-deshabilitar-cookies-que-los-sitios-we\">Mozilla Firefox<\/a><\/li>\n\n\n\n<li><a href=\"https:\/\/windows.microsoft.com\/es-es\/windows-vista\/block-or-allow-cookies\">Internet Explorer<\/a><\/li>\n\n\n\n<li><a href=\"httpss:\/\/support.apple.com\/es-es\/guide\/safari\/sfri11471\/mac\">Safari<\/a><\/li>\n\n\n\n<li><a href=\"https:\/\/support.apple.com\/kb\/ht1677?viewlocale=es_es\">Safari para iOS (iPhone y iPad)<\/a><\/li>\n\n\n\n<li><a href=\"https:\/\/support.google.com\/chrome\/answer\/2392971?hl=es\">Chrome para Android<\/a><\/li>\n<\/ul>\n","protected":false},"excerpt":{"rendered":"<p>Pol\u00edtica de cookies 1.- \u00bfQu\u00e9 son las Cookies?Las cookies son peque\u00f1os archivos de texto que se descargan y almacenan en el terminal (ordenador\/smartphone\/tablet) del usuario al acceder a determinadas p\u00e1ginas web y que permiten al Sitio Web recordar preferencias de navegaci\u00f3n y navegar de manera eficiente, haciendo que la interacci\u00f3n entre el usuario y el&#8230;<\/p>\n","protected":false},"author":1,"featured_media":0,"parent":0,"menu_order":0,"comment_status":"closed","ping_status":"closed","template":"","meta":{"_kad_blocks_custom_css":"","_kad_blocks_head_custom_js":"","_kad_blocks_body_custom_js":"","_kad_blocks_footer_custom_js":"","_kad_post_transparent":"","_kad_post_title":"","_kad_post_layout":"","_kad_post_sidebar_id":"","_kad_post_content_style":"","_kad_post_vertical_padding":"","_kad_post_feature":"","_kad_post_feature_position":"","_kad_post_header":false,"_kad_post_footer":false,"_kad_post_classname":"","editor_notices":[],"footnotes":""},"class_list":["post-181","page","type-page","status-publish","hentry"],"taxonomy_info":[],"featured_image_src_large":false,"author_info":{"display_name":"admin","author_link":"https:\/\/bizikidetu.com\/eus\/blog\/author\/admin\/"},"comment_info":0,"_links":{"self":[{"href":"https:\/\/bizikidetu.com\/eus\/wp-json\/wp\/v2\/pages\/181","targetHints":{"allow":["GET"]}}],"collection":[{"href":"https:\/\/bizikidetu.com\/eus\/wp-json\/wp\/v2\/pages"}],"about":[{"href":"https:\/\/bizikidetu.com\/eus\/wp-json\/wp\/v2\/types\/page"}],"author":[{"embeddable":true,"href":"https:\/\/bizikidetu.com\/eus\/wp-json\/wp\/v2\/users\/1"}],"replies":[{"embeddable":true,"href":"https:\/\/bizikidetu.com\/eus\/wp-json\/wp\/v2\/comments?post=181"}],"version-history":[{"count":2,"href":"https:\/\/bizikidetu.com\/eus\/wp-json\/wp\/v2\/pages\/181\/revisions"}],"predecessor-version":[{"id":183,"href":"https:\/\/bizikidetu.com\/eus\/wp-json\/wp\/v2\/pages\/181\/revisions\/183"}],"wp:attachment":[{"href":"https:\/\/bizikidetu.com\/eus\/wp-json\/wp\/v2\/media?parent=181"}],"curies":[{"name":"wp","href":"https:\/\/api.w.org\/{rel}","templated":true}]}}